{"id":4176,"date":"2015-12-15T07:37:33","date_gmt":"2015-12-15T07:37:33","guid":{"rendered":"http:\/\/consulting.stylemixthemes.com\/?page_id=9"},"modified":"2021-09-22T17:24:36","modified_gmt":"2021-09-22T15:24:36","slug":"company-overview","status":"publish","type":"page","link":"https:\/\/redgeosocial.com\/index.php\/company-overview\/","title":{"rendered":"Proyecto"},"content":{"rendered":"\t\t<div data-elementor-type=\"wp-page\" data-elementor-id=\"4176\" class=\"elementor elementor-4176\" data-elementor-settings=\"[]\">\n\t\t\t\t\t\t\t<div class=\"elementor-section-wrap\">\n\t\t\t\t\t\t\t<section class=\"elementor-section elementor-top-section elementor-element elementor-element-4a61a42 elementor-section-boxed elementor-section-height-default elementor-section-height-default\" data-id=\"4a61a42\" data-element_type=\"section\">\n\t\t\t\t\t\t<div class=\"elementor-container elementor-column-gap-default\">\n\t\t\t\t\t<div class=\"elementor-column elementor-col-100 elementor-top-column elementor-element elementor-element-5951e88\" data-id=\"5951e88\" data-element_type=\"column\">\n\t\t\t<div class=\"elementor-widget-wrap elementor-element-populated\">\n\t\t\t\t\t\t\t\t<div class=\"elementor-element elementor-element-5996d72 elementor-widget elementor-widget-heading\" data-id=\"5996d72\" data-element_type=\"widget\" data-widget_type=\"heading.default\">\n\t\t\t\t<div class=\"elementor-widget-container\">\n\t\t\t<h3 class=\"elementor-heading-title elementor-size-large\">Proyecto<\/h3>\t\t<\/div>\n\t\t\t\t<\/div>\n\t\t\t\t\t<\/div>\n\t\t<\/div>\n\t\t\t\t\t\t\t<\/div>\n\t\t<\/section>\n\t\t\t\t<section class=\"elementor-section elementor-top-section elementor-element elementor-element-a804bba elementor-section-boxed elementor-section-height-default elementor-section-height-default\" data-id=\"a804bba\" data-element_type=\"section\">\n\t\t\t\t\t\t<div class=\"elementor-container elementor-column-gap-default\">\n\t\t\t\t\t<div class=\"elementor-column elementor-col-100 elementor-top-column elementor-element elementor-element-3341fa7\" data-id=\"3341fa7\" data-element_type=\"column\">\n\t\t\t<div class=\"elementor-widget-wrap elementor-element-populated\">\n\t\t\t\t\t\t\t\t<div class=\"elementor-element elementor-element-18e74e0 elementor-widget elementor-widget-text-editor\" data-id=\"18e74e0\" data-element_type=\"widget\" data-widget_type=\"text-editor.default\">\n\t\t\t\t<div class=\"elementor-widget-container\">\n\t\t\t\t\t\t\t\t<p>El objetivo del presente proyecto es el de conocer las repercusiones pasadas y presentes de la producci\u00f3n, tr\u00e1fico y consumo de coca\u00edna y hero\u00edna a nivel social, territorial y geopol\u00edtico en Latinoam\u00e9rica especialmente las que tienen relaci\u00f3n con la violencia y la precarizaci\u00f3n de la vida social en dichos territorios. Otros territorios como Espa\u00f1a, Reino Unido y EEUU ser\u00e1n analizados en calidad de receptores y consumidores del tr\u00e1fico de drogas.<br \/>A nivel pol\u00edtico y geopol\u00edtico se analizar\u00e1 la relaci\u00f3n institucional entre la clase pol\u00edtica y las mafias de la droga, la creaci\u00f3n de narcoestados, la narcocultura, el papel y debilitamiento de la democracia ante una sociedad civil destruida y el lavado de dinero.<br \/>A nivel social y de g\u00e9nero se analizar\u00e1 la violencia del narcotr\u00e1fico con especial atenci\u00f3n del narcotraficante como v\u00edctima de violencia infantil. El discurso de la violencia es omnipresente y habitual en la vida de estas personas y genera vulnerabilidad social. Se analizar\u00e1 la masculinidad t\u00f3xica y la agresividad como una herramienta necesaria para sobrevivir. Otra de las consecuencias a analizar es la migraci\u00f3n y el tr\u00e1fico de personas vinculadas al narcotr\u00e1fico. Por \u00faltimo, se analizar\u00e1 las consecuencias sociales de la adicci\u00f3n a las drogas y sus problem\u00e1ticas asociadas desde el punto de vista de la salud p\u00fablica. <br \/>A nivel territorial se analizar\u00e1n las estructuras y mecanismos de los centros de consumo, los centros de producci\u00f3n, los centros de distribuci\u00f3n intermediaria y las rutas. As\u00ed mismo es interesante observar que los pa\u00edses de tr\u00e1nsito tambi\u00e9n pueden ser pa\u00edses consumidores.<br \/>A nivel econ\u00f3mico se analizar\u00e1 la precariedad econ\u00f3mica y su vinculaci\u00f3n con la violencia el narcotr\u00e1fico, as\u00ed como la percepci\u00f3n de la pobreza como un hecho inevitable por parte de los narcotraficantes. Tambi\u00e9n se analizar\u00e1 la destrucci\u00f3n de las econom\u00edas y las sociedades afectadas por el narcotr\u00e1fico, el empobrecimiento de amplias regiones supeditadas a las \u00e1reas centrales (din\u00e1mica metr\u00f3poli-colonia), la destrucci\u00f3n indirecta de las econom\u00edas a nivel global por la existencia de una econom\u00eda informal paralela a la oficial haciendo que el estado se debilite y pierda su funci\u00f3n. <br \/>El objetivo final del proyecto es el de analizar los resultados de los 40 a\u00f1os de guerra contra el narcotr\u00e1fico y en caso de que se consideren fracasados los intentos realizados proponer posibles soluciones a la problem\u00e1tica como por ejemplo la legalizaci\u00f3n de dichas drogas, la visibilizaci\u00f3n de los intereses econ\u00f3micos y pol\u00edticos de quienes impulsan y perpet\u00faan la guerra contra el narcotr\u00e1fico y la introducci\u00f3n de criptodivisas a nivel global para que las transacciones monetarias puedan ser transparentes.<\/p>\n\t\t\t\t\t\t<\/div>\n\t\t\t\t<\/div>\n\t\t\t\t\t<\/div>\n\t\t<\/div>\n\t\t\t\t\t\t\t<\/div>\n\t\t<\/section>\n\t\t\t\t\t\t<\/div>\n\t\t\t\t\t<\/div>\n\t\t","protected":false},"excerpt":{"rendered":"<p>Proyecto El objetivo del presente proyecto es el de conocer las repercusiones pasadas y presentes de la producci\u00f3n, tr\u00e1fico y consumo de coca\u00edna y hero\u00edna a nivel social, territorial y geopol\u00edtico en Latinoam\u00e9rica especialmente las que tienen relaci\u00f3n con la violencia y la precarizaci\u00f3n de la vida social en dichos territorios. Otros territorios como Espa\u00f1a,<\/p>\n","protected":false},"author":1,"featured_media":0,"parent":0,"menu_order":0,"comment_status":"closed","ping_status":"closed","template":"","meta":[],"_links":{"self":[{"href":"https:\/\/redgeosocial.com\/index.php\/wp-json\/wp\/v2\/pages\/4176"}],"collection":[{"href":"https:\/\/redgeosocial.com\/index.php\/wp-json\/wp\/v2\/pages"}],"about":[{"href":"https:\/\/redgeosocial.com\/index.php\/wp-json\/wp\/v2\/types\/page"}],"author":[{"embeddable":true,"href":"https:\/\/redgeosocial.com\/index.php\/wp-json\/wp\/v2\/users\/1"}],"replies":[{"embeddable":true,"href":"https:\/\/redgeosocial.com\/index.php\/wp-json\/wp\/v2\/comments?post=4176"}],"version-history":[{"count":16,"href":"https:\/\/redgeosocial.com\/index.php\/wp-json\/wp\/v2\/pages\/4176\/revisions"}],"predecessor-version":[{"id":7219,"href":"https:\/\/redgeosocial.com\/index.php\/wp-json\/wp\/v2\/pages\/4176\/revisions\/7219"}],"wp:attachment":[{"href":"https:\/\/redgeosocial.com\/index.php\/wp-json\/wp\/v2\/media?parent=4176"}],"curies":[{"name":"wp","href":"https:\/\/api.w.org\/{rel}","templated":true}]}}