{"id":7328,"date":"2021-09-24T20:13:08","date_gmt":"2021-09-24T18:13:08","guid":{"rendered":"http:\/\/redgeosocial.com\/?page_id=7328"},"modified":"2021-11-08T14:54:40","modified_gmt":"2021-11-08T13:54:40","slug":"colaboradores","status":"publish","type":"page","link":"https:\/\/redgeosocial.com\/index.php\/colaboradores\/","title":{"rendered":"Colaboradores"},"content":{"rendered":"\t\t<div data-elementor-type=\"wp-page\" data-elementor-id=\"7328\" class=\"elementor elementor-7328\" data-elementor-settings=\"[]\">\n\t\t\t\t\t\t\t<div class=\"elementor-section-wrap\">\n\t\t\t\t\t\t\t<section class=\"elementor-section elementor-top-section elementor-element elementor-element-5e2e85e elementor-section-boxed elementor-section-height-default elementor-section-height-default\" data-id=\"5e2e85e\" data-element_type=\"section\">\n\t\t\t\t\t\t<div class=\"elementor-container elementor-column-gap-default\">\n\t\t\t\t\t<div class=\"elementor-column elementor-col-33 elementor-top-column elementor-element elementor-element-6cddefc\" data-id=\"6cddefc\" data-element_type=\"column\">\n\t\t\t<div class=\"elementor-widget-wrap elementor-element-populated\">\n\t\t\t\t\t\t\t\t<div class=\"elementor-element elementor-element-fc992d1 elementor-widget elementor-widget-text-editor\" data-id=\"fc992d1\" data-element_type=\"widget\" data-widget_type=\"text-editor.default\">\n\t\t\t\t<div class=\"elementor-widget-container\">\n\t\t\t\t\t\t\t\t<p><a href=\"https:\/\/www.teunvoeten.com\/teun-voeten.html\">Teun Voeten<\/a><\/p>\n<p><a href=\"https:\/\/www.teunvoeten.com\/teun-voeten.html\"><span class=\"elementor-icon-list-text\">Photojournalist and antropologist.<\/span><\/a><\/p>\n\t\t\t\t\t\t<\/div>\n\t\t\t\t<\/div>\n\t\t\t\t\t<\/div>\n\t\t<\/div>\n\t\t\t\t<div class=\"elementor-column elementor-col-66 elementor-top-column elementor-element elementor-element-4460d5e\" data-id=\"4460d5e\" data-element_type=\"column\">\n\t\t\t<div class=\"elementor-widget-wrap elementor-element-populated\">\n\t\t\t\t\t\t\t\t<div class=\"elementor-element elementor-element-aaf497b elementor-widget elementor-widget-image\" data-id=\"aaf497b\" data-element_type=\"widget\" data-widget_type=\"image.default\">\n\t\t\t\t<div class=\"elementor-widget-container\">\n\t\t\t\t\t\t\t\t\t\t\t\t\t\t\t<img width=\"100\" height=\"100\" src=\"https:\/\/redgeosocial.com\/wp-content\/uploads\/2021\/07\/placeholder-100x100.gif\" class=\"attachment-shop_thumbnail size-shop_thumbnail\" alt=\"consulting_placeholder\" loading=\"lazy\" srcset=\"https:\/\/redgeosocial.com\/wp-content\/uploads\/2021\/07\/placeholder-100x100.gif 100w, https:\/\/redgeosocial.com\/wp-content\/uploads\/2021\/07\/placeholder-150x150.gif 150w, https:\/\/redgeosocial.com\/wp-content\/uploads\/2021\/07\/placeholder-50x50.gif 50w, https:\/\/redgeosocial.com\/wp-content\/uploads\/2021\/07\/placeholder-320x320.gif 320w, https:\/\/redgeosocial.com\/wp-content\/uploads\/2021\/07\/placeholder-300x300.gif 300w\" sizes=\"(max-width: 100px) 100vw, 100px\" \/>\t\t\t\t\t\t\t\t\t\t\t\t\t\t\t<\/div>\n\t\t\t\t<\/div>\n\t\t\t\t\t<\/div>\n\t\t<\/div>\n\t\t\t\t\t\t\t<\/div>\n\t\t<\/section>\n\t\t\t\t<section class=\"elementor-section elementor-top-section elementor-element elementor-element-a7ead19 elementor-section-boxed elementor-section-height-default elementor-section-height-default\" data-id=\"a7ead19\" data-element_type=\"section\">\n\t\t\t\t\t\t<div class=\"elementor-container elementor-column-gap-default\">\n\t\t\t\t\t<div class=\"elementor-column elementor-col-33 elementor-top-column elementor-element elementor-element-f187032\" data-id=\"f187032\" data-element_type=\"column\">\n\t\t\t<div class=\"elementor-widget-wrap elementor-element-populated\">\n\t\t\t\t\t\t\t\t<div class=\"elementor-element elementor-element-f3fa80f elementor-widget elementor-widget-text-editor\" data-id=\"f3fa80f\" data-element_type=\"widget\" data-widget_type=\"text-editor.default\">\n\t\t\t\t<div class=\"elementor-widget-container\">\n\t\t\t\t\t\t\t\t<p><span class=\"elementor-icon-list-text\">Lina Maria Hidalgo Acevedo<\/span><\/p>\n<p><a href=\"https:\/\/www.behance.net\/linahidalg6e77\"><span class=\"elementor-icon-list-text\">Photojournalist<\/span><\/a><\/p>\n\t\t\t\t\t\t<\/div>\n\t\t\t\t<\/div>\n\t\t\t\t\t<\/div>\n\t\t<\/div>\n\t\t\t\t<div class=\"elementor-column elementor-col-66 elementor-top-column elementor-element elementor-element-768a9ca\" data-id=\"768a9ca\" data-element_type=\"column\">\n\t\t\t<div class=\"elementor-widget-wrap elementor-element-populated\">\n\t\t\t\t\t\t\t\t<div class=\"elementor-element elementor-element-4b3a291 elementor-widget elementor-widget-image\" data-id=\"4b3a291\" data-element_type=\"widget\" data-widget_type=\"image.default\">\n\t\t\t\t<div class=\"elementor-widget-container\">\n\t\t\t\t\t\t\t\t\t\t\t\t\t\t\t<img width=\"100\" height=\"100\" src=\"https:\/\/redgeosocial.com\/wp-content\/uploads\/2021\/07\/placeholder-100x100.gif\" class=\"attachment-woocommerce_gallery_thumbnail size-woocommerce_gallery_thumbnail\" alt=\"consulting_placeholder\" loading=\"lazy\" srcset=\"https:\/\/redgeosocial.com\/wp-content\/uploads\/2021\/07\/placeholder-100x100.gif 100w, https:\/\/redgeosocial.com\/wp-content\/uploads\/2021\/07\/placeholder-150x150.gif 150w, https:\/\/redgeosocial.com\/wp-content\/uploads\/2021\/07\/placeholder-50x50.gif 50w, https:\/\/redgeosocial.com\/wp-content\/uploads\/2021\/07\/placeholder-320x320.gif 320w, https:\/\/redgeosocial.com\/wp-content\/uploads\/2021\/07\/placeholder-300x300.gif 300w\" sizes=\"(max-width: 100px) 100vw, 100px\" \/>\t\t\t\t\t\t\t\t\t\t\t\t\t\t\t<\/div>\n\t\t\t\t<\/div>\n\t\t\t\t\t<\/div>\n\t\t<\/div>\n\t\t\t\t\t\t\t<\/div>\n\t\t<\/section>\n\t\t\t\t<section class=\"elementor-section elementor-top-section elementor-element elementor-element-3c3d969 elementor-section-boxed elementor-section-height-default elementor-section-height-default\" data-id=\"3c3d969\" data-element_type=\"section\">\n\t\t\t\t\t\t<div class=\"elementor-container elementor-column-gap-default\">\n\t\t\t\t\t<div class=\"elementor-column elementor-col-33 elementor-top-column elementor-element elementor-element-e5ae4ed\" data-id=\"e5ae4ed\" data-element_type=\"column\">\n\t\t\t<div class=\"elementor-widget-wrap elementor-element-populated\">\n\t\t\t\t\t\t\t\t<div class=\"elementor-element elementor-element-5aef8da elementor-widget elementor-widget-text-editor\" data-id=\"5aef8da\" data-element_type=\"widget\" data-widget_type=\"text-editor.default\">\n\t\t\t\t<div class=\"elementor-widget-container\">\n\t\t\t\t\t\t\t\t<p>Daniel Ib\u00e1\u00f1ez Campos<\/p>\n<p><a href=\"http:\/\/redgeosocial.com\/index.php\/daniel-ibanez-campos\/\">Ge\u00f3grafo<\/a><\/p>\n\t\t\t\t\t\t<\/div>\n\t\t\t\t<\/div>\n\t\t\t\t\t<\/div>\n\t\t<\/div>\n\t\t\t\t<div class=\"elementor-column elementor-col-66 elementor-top-column elementor-element elementor-element-ed80cec\" data-id=\"ed80cec\" data-element_type=\"column\">\n\t\t\t<div class=\"elementor-widget-wrap elementor-element-populated\">\n\t\t\t\t\t\t\t\t<div class=\"elementor-element elementor-element-1b0d43a elementor-widget elementor-widget-image\" data-id=\"1b0d43a\" data-element_type=\"widget\" data-widget_type=\"image.default\">\n\t\t\t\t<div class=\"elementor-widget-container\">\n\t\t\t\t\t\t\t\t\t\t\t\t\t\t\t<img width=\"100\" height=\"100\" src=\"https:\/\/redgeosocial.com\/wp-content\/uploads\/2021\/07\/placeholder-100x100.gif\" class=\"attachment-woocommerce_gallery_thumbnail size-woocommerce_gallery_thumbnail\" alt=\"consulting_placeholder\" loading=\"lazy\" srcset=\"https:\/\/redgeosocial.com\/wp-content\/uploads\/2021\/07\/placeholder-100x100.gif 100w, https:\/\/redgeosocial.com\/wp-content\/uploads\/2021\/07\/placeholder-150x150.gif 150w, https:\/\/redgeosocial.com\/wp-content\/uploads\/2021\/07\/placeholder-50x50.gif 50w, https:\/\/redgeosocial.com\/wp-content\/uploads\/2021\/07\/placeholder-320x320.gif 320w, https:\/\/redgeosocial.com\/wp-content\/uploads\/2021\/07\/placeholder-300x300.gif 300w\" sizes=\"(max-width: 100px) 100vw, 100px\" \/>\t\t\t\t\t\t\t\t\t\t\t\t\t\t\t<\/div>\n\t\t\t\t<\/div>\n\t\t\t\t\t<\/div>\n\t\t<\/div>\n\t\t\t\t\t\t\t<\/div>\n\t\t<\/section>\n\t\t\t\t<section class=\"elementor-section elementor-top-section elementor-element elementor-element-58c3b5d elementor-section-boxed elementor-section-height-default elementor-section-height-default\" data-id=\"58c3b5d\" data-element_type=\"section\">\n\t\t\t\t\t\t<div class=\"elementor-container elementor-column-gap-default\">\n\t\t\t\t\t<div class=\"elementor-column elementor-col-33 elementor-top-column elementor-element elementor-element-d1f4ce8\" data-id=\"d1f4ce8\" data-element_type=\"column\">\n\t\t\t<div class=\"elementor-widget-wrap elementor-element-populated\">\n\t\t\t\t\t\t\t\t<div class=\"elementor-element elementor-element-6137cd2 elementor-widget elementor-widget-text-editor\" data-id=\"6137cd2\" data-element_type=\"widget\" data-widget_type=\"text-editor.default\">\n\t\t\t\t<div class=\"elementor-widget-container\">\n\t\t\t\t\t\t\t\t<p>V\u00edctor Fern\u00e1ndez Salinas<\/p>\n<p><a href=\"http:\/\/redgeosocial.com\/index.php\/victor-fernandez-salinas\/\">Profesor e investigador<\/a><\/p>\n\t\t\t\t\t\t<\/div>\n\t\t\t\t<\/div>\n\t\t\t\t\t<\/div>\n\t\t<\/div>\n\t\t\t\t<div class=\"elementor-column elementor-col-66 elementor-top-column elementor-element elementor-element-6c6a3ee\" data-id=\"6c6a3ee\" data-element_type=\"column\">\n\t\t\t<div class=\"elementor-widget-wrap elementor-element-populated\">\n\t\t\t\t\t\t\t\t<div class=\"elementor-element elementor-element-1ebfb14 elementor-widget elementor-widget-image\" data-id=\"1ebfb14\" data-element_type=\"widget\" data-widget_type=\"image.default\">\n\t\t\t\t<div class=\"elementor-widget-container\">\n\t\t\t\t\t\t\t\t\t\t\t\t\t\t\t<img width=\"100\" height=\"100\" src=\"https:\/\/redgeosocial.com\/wp-content\/uploads\/2021\/07\/placeholder-100x100.gif\" class=\"attachment-woocommerce_gallery_thumbnail size-woocommerce_gallery_thumbnail\" alt=\"consulting_placeholder\" loading=\"lazy\" srcset=\"https:\/\/redgeosocial.com\/wp-content\/uploads\/2021\/07\/placeholder-100x100.gif 100w, https:\/\/redgeosocial.com\/wp-content\/uploads\/2021\/07\/placeholder-150x150.gif 150w, https:\/\/redgeosocial.com\/wp-content\/uploads\/2021\/07\/placeholder-50x50.gif 50w, https:\/\/redgeosocial.com\/wp-content\/uploads\/2021\/07\/placeholder-320x320.gif 320w, https:\/\/redgeosocial.com\/wp-content\/uploads\/2021\/07\/placeholder-300x300.gif 300w\" sizes=\"(max-width: 100px) 100vw, 100px\" \/>\t\t\t\t\t\t\t\t\t\t\t\t\t\t\t<\/div>\n\t\t\t\t<\/div>\n\t\t\t\t\t<\/div>\n\t\t<\/div>\n\t\t\t\t\t\t\t<\/div>\n\t\t<\/section>\n\t\t\t\t\t\t<\/div>\n\t\t\t\t\t<\/div>\n\t\t","protected":false},"excerpt":{"rendered":"<p>Teun Voeten Photojournalist and antropologist. Lina Maria Hidalgo Acevedo Photojournalist Daniel Ib\u00e1\u00f1ez Campos Ge\u00f3grafo V\u00edctor Fern\u00e1ndez Salinas Profesor e investigador<\/p>\n","protected":false},"author":1,"featured_media":0,"parent":0,"menu_order":0,"comment_status":"closed","ping_status":"closed","template":"","meta":[],"_links":{"self":[{"href":"https:\/\/redgeosocial.com\/index.php\/wp-json\/wp\/v2\/pages\/7328"}],"collection":[{"href":"https:\/\/redgeosocial.com\/index.php\/wp-json\/wp\/v2\/pages"}],"about":[{"href":"https:\/\/redgeosocial.com\/index.php\/wp-json\/wp\/v2\/types\/page"}],"author":[{"embeddable":true,"href":"https:\/\/redgeosocial.com\/index.php\/wp-json\/wp\/v2\/users\/1"}],"replies":[{"embeddable":true,"href":"https:\/\/redgeosocial.com\/index.php\/wp-json\/wp\/v2\/comments?post=7328"}],"version-history":[{"count":28,"href":"https:\/\/redgeosocial.com\/index.php\/wp-json\/wp\/v2\/pages\/7328\/revisions"}],"predecessor-version":[{"id":8001,"href":"https:\/\/redgeosocial.com\/index.php\/wp-json\/wp\/v2\/pages\/7328\/revisions\/8001"}],"wp:attachment":[{"href":"https:\/\/redgeosocial.com\/index.php\/wp-json\/wp\/v2\/media?parent=7328"}],"curies":[{"name":"wp","href":"https:\/\/api.w.org\/{rel}","templated":true}]}}